{"id":80266,"date":"2024-03-07T12:07:13","date_gmt":"2024-03-07T10:07:13","guid":{"rendered":"https:\/\/muzeumiluzjiwr.pl\/?page_id=80266"},"modified":"2024-03-07T12:07:15","modified_gmt":"2024-03-07T10:07:15","slug":"faq","status":"publish","type":"page","link":"https:\/\/muzeumiluzjiwr.pl\/en\/faq\/","title":{"rendered":"FAQ"},"content":{"rendered":"<style>\r\n    .card-header h3{\r\n    margin: 0;\r\n    }\r\n    .card-header h3,.card-header button{\r\n        cursor: pointer;\r\n        width: 100%;\r\n        text-align: left;\r\n        font-weight: 400;\r\n        font-size: 21px;\r\n    }\r\n    .card-header{\r\n        \/*background: linear-gradient(45deg, #1744ff, transparent);*\/\r\n        padding: 5px;\r\n        margin-bottom: 5px;\r\n        cursor: pointer;\r\n    }\r\n    .collapse{\r\n        display: none;\r\n    }\r\n    .show{\r\n        display: block !important;\r\n    }\r\n    .faq-text{\r\n        font-size: 17px !important;\r\n        margin-left: 1em;\r\n        line-height: 22px !important;\r\n        max-width: none !important;\r\n    }\r\n    .card-body{\r\n        padding: 1em;\r\n        width: 80%;\r\n    }\r\n<\/style>\r\n\r\n\r\n<div id=\"accordion\">\r\n    <div class=\"card\">\r\n        <div class=\"card-header\" id=\"headingOne\">\r\n            <h3 class=\"mb-0\">\r\n                <button class=\"btn-collapse \" data-toggle=\"collapse\" data-target=\"#collapseOne\" aria-expanded=\"true\" aria-controls=\"collapseOne\">\r\n                    &bull;&nbsp;How to get to the Museum of Illusions Wroclaw?\r\n                <\/button>\r\n            <\/h3>\r\n        <\/div>\r\n\r\n        <div id=\"collapseOne\" class=\"collapse show\" aria-labelledby=\"headingOne\" data-parent=\"#accordion\">\r\n            <div class=\"card-body\">\r\n                <p class=\"faq-text\">\r\n                    The museum is located on Starom\u0142y\u0144ska 4, on Sand Island, just off Ostr\u00f3w Tumski. The best way to reach the museum is by public transport &#8211; tram or bus. There are many stops around the museum.\r\n                <\/p>\r\n            <\/div>\r\n        <\/div>\r\n    <\/div>\r\n    <div class=\"card\">\r\n        <div class=\"card-header\" id=\"headingTwo\">\r\n            <h3 class=\"mb-0\">\r\n                <button class=\"btn-collapse  collapsed\" data-toggle=\"collapse\" data-target=\"#collapseTwo\" aria-expanded=\"false\" aria-controls=\"collapseTwo\">\r\n                    &bull;&nbsp;How long does it take to visit the Museum of Illusions in Wroclaw?\r\n                <\/button>\r\n            <\/h3>\r\n        <\/div>\r\n        <div id=\"collapseTwo\" class=\"collapse\" aria-labelledby=\"headingTwo\" data-parent=\"#accordion\">\r\n            <div class=\"card-body\">\r\n                <p class=\"faq-text\">\r\n                    On average, our guests spend from an hour to an hour and a half. It is worth noting that the tour is not limited in time.\r\n                <\/p>\r\n            <\/div>\r\n        <\/div>\r\n    <\/div>\r\n    <div class=\"card\">\r\n        <div class=\"card-header\" id=\"headingThree\">\r\n            <h3 class=\"mb-0\">\r\n                <button class=\"btn-collapse  collapsed\" data-toggle=\"collapse\" data-target=\"#collapseThree\" aria-expanded=\"false\" aria-controls=\"collapseThree\">\r\n                    &bull;&nbsp;How much is a ticket to the Museum of Illusions in Wroclaw?\r\n                <\/button>\r\n            <\/h3>\r\n        <\/div>\r\n        <div id=\"collapseThree\" class=\"collapse\" aria-labelledby=\"headingThree\" data-parent=\"#accordion\">\r\n            <div class=\"card-body\">\r\n                <p class=\"faq-text\">\r\n                    Our current price list can be found at: https:\/\/muzeumiluzjiwr.pl\/en\/visit\/                <\/p>\r\n            <\/div>\r\n        <\/div>\r\n    <\/div>\r\n    <div class=\"card\">\r\n        <div class=\"card-header\" id=\"heading4\">\r\n            <h3 class=\"mb-0\">\r\n                <button class=\"btn-collapse  collapsed\" data-toggle=\"collapse\" data-target=\"#collapse4\" aria-expanded=\"false\" aria-controls=\"collapseThree\">\r\n                    &bull;&nbsp;Who is the Museum of Illusions in Wroclaw for?\r\n                <\/button>\r\n            <\/h3>\r\n        <\/div>\r\n        <div id=\"collapse4\" class=\"collapse\" aria-labelledby=\"heading4\" data-parent=\"#accordion\">\r\n            <div class=\"card-body\">\r\n                <p class=\"faq-text\">\r\n                    We try to make a visit to the museum interesting for people of all ages. Among the dozens of exhibits from different fields, both children and adults will find something surprising.                <\/p>\r\n            <\/div>\r\n        <\/div>\r\n    <\/div>\r\n    <div class=\"card\">\r\n        <div class=\"card-header\" id=\"heading5\">\r\n            <h3 class=\"mb-0\">\r\n                <button class=\"btn-collapse  collapsed\" data-toggle=\"collapse\" data-target=\"#collapse5\" aria-expanded=\"false\" aria-controls=\"collapseThree\">\r\n                    &bull;&nbsp;Is the Museum of Illusions Wroclaw interesting for children?\r\n                <\/button>\r\n            <\/h3>\r\n        <\/div>\r\n        <div id=\"collapse5\" class=\"collapse\" aria-labelledby=\"heading5\" data-parent=\"#accordion\">\r\n            <div class=\"card-body\">\r\n                <p class=\"faq-text\">\r\n                    Yes, the Museum of Illusions in Wroclaw is an educational and exciting place also for children. Interactive exhibits engaging to explore the world of illusion make it an unforgettable experience for children of all ages. Learning is intertwined with fun which additionally engages young minds.                <\/p>\r\n            <\/div>\r\n        <\/div>\r\n    <\/div>\r\n    <div class=\"card\">\r\n        <div class=\"card-header\" id=\"heading6\">\r\n            <h3 class=\"mb-0\">\r\n                <button class=\"btn-collapse  collapsed\" data-toggle=\"collapse\" data-target=\"#collapse6\" aria-expanded=\"false\" aria-controls=\"collapseThree\">\r\n                    &bull;&nbsp;Does the Museum of Illusions in Wroclaw offer discounts with the Nasz Wroc\u0142aw\/large family card?\r\n                <\/button>\r\n            <\/h3>\r\n        <\/div>\r\n        <div id=\"collapse6\" class=\"collapse\" aria-labelledby=\"heading6\" data-parent=\"#accordion\">\r\n            <div class=\"card-body\">\r\n                <p class=\"faq-text\">\r\n                    The holder of the Nasz Wroc\u0142aw card can count on a 10% discount charged at the museum reception upon presenting the card with an active taxpayer status. The Large Family Card entitles a family with a maximum of 5 children to enter the museum with a family ticket.\r\n                <\/p>\r\n            <\/div>\r\n        <\/div>\r\n    <\/div>\r\n    <div class=\"card\">\r\n        <div class=\"card-header\" id=\"heading7\">\r\n            <h3 class=\"mb-0\">\r\n                <button class=\"btn-collapse  collapsed\" data-toggle=\"collapse\" data-target=\"#collapse7\" aria-expanded=\"false\" aria-controls=\"collapseThree\">\r\n                    &bull;&nbsp;Do I have to book tickets to the Museum of Illusions in Wroclaw in advance?\r\n                <\/button>\r\n            <\/h3>\r\n        <\/div>\r\n        <div id=\"collapse7\" class=\"collapse\" aria-labelledby=\"heading7\" data-parent=\"#accordion\">\r\n            <div class=\"card-body\">\r\n                <p class=\"faq-text\">\r\n                    Reservations are only required for groups of more than 10 people. There is no need to book an individual tour.\r\n                <\/p>\r\n            <\/div>\r\n        <\/div>\r\n    <\/div>\r\n    <div class=\"card\">\r\n        <div class=\"card-header\" id=\"heading8\">\r\n            <h3 class=\"mb-0\">\r\n                <button class=\"btn-collapse  collapsed\" data-toggle=\"collapse\" data-target=\"#collapse8\" aria-expanded=\"false\" aria-controls=\"collapseThree\">\r\n                    &bull;&nbsp;Is there parking near the Museum of Illusions in Wroclaw?\r\n                <\/button>\r\n            <\/h3>\r\n        <\/div>\r\n        <div id=\"collapse8\" class=\"collapse\" aria-labelledby=\"heading8\" data-parent=\"#accordion\">\r\n            <div class=\"card-body\">\r\n                <p class=\"faq-text\">\r\n                    As the museum is located on Sand Island, we do not have our own parking. The nearest city car parks are located in the vicinity of the Market Hall or pl. Bema. We recommend you to reach us by public transport.\r\n                <\/p>\r\n            <\/div>\r\n        <\/div>\r\n    <\/div>\r\n    <div class=\"card\">\r\n        <div class=\"card-header\" id=\"heading9\">\r\n            <h3 class=\"mb-0\">\r\n                <button class=\"btn-collapse  collapsed\" data-toggle=\"collapse\" data-target=\"#collapse9\" aria-expanded=\"false\" aria-controls=\"collapseThree\">\r\n                    &bull;&nbsp;Is the Museum of Illusions Wroclaw open on Mondays?\r\n                <\/button>\r\n            <\/h3>\r\n        <\/div>\r\n        <div id=\"collapse9\" class=\"collapse\" aria-labelledby=\"heading9\" data-parent=\"#accordion\">\r\n            <div class=\"card-body\">\r\n                <p class=\"faq-text\">\r\n                    Yes, we are open on Mondays!<br>\r\n                    The museum is open every day: Monday to Friday 10:00 &#8211; 19:00, and weekends 10:00 &#8211; 20:00\r\n                <\/p>\r\n            <\/div>\r\n        <\/div>\r\n    <\/div>\r\n    <div class=\"card\">\r\n        <div class=\"card-header\" id=\"heading10\">\r\n            <h3 class=\"mb-0\">\r\n                <button class=\"btn-collapse  collapsed\" data-toggle=\"collapse\" data-target=\"#collapse10\" aria-expanded=\"false\" aria-controls=\"collapseThree\">\r\n                    &bull;&nbsp;Is it possible to move around the Museum of Illusions in Wroclaw in a wheelchair or with a stroller?\r\n                <\/button>\r\n            <\/h3>\r\n        <\/div>\r\n        <div id=\"collapse10\" class=\"collapse\" aria-labelledby=\"heading10\" data-parent=\"#accordion\">\r\n            <div class=\"card-body\">\r\n                <p class=\"faq-text\">\r\n                    Our exhibition takes up 400m2, which is located on the ground floor of the building. So you can move around the stroller\/wheelchair without any problem.                <\/p>\r\n            <\/div>\r\n        <\/div>\r\n    <\/div>\r\n    <div class=\"card\">\r\n        <div class=\"card-header\" id=\"heading11\">\r\n            <h3 class=\"mb-0\">\r\n                <button class=\"btn-collapse  collapsed\" data-toggle=\"collapse\" data-target=\"#collapse11\" aria-expanded=\"false\" aria-controls=\"collapseThree\">\r\n                    &bull;&nbsp;Can I bring my dog to the Museum of Illusions in Wroclaw?\r\n                <\/button>\r\n            <\/h3>\r\n        <\/div>\r\n        <div id=\"collapse11\" class=\"collapse\" aria-labelledby=\"heading11\" data-parent=\"#accordion\">\r\n            <div class=\"card-body\">\r\n                <p class=\"faq-text\">\r\n                    Of course! Our museum is friendly to all four-legged companions. It is also a perfect opportunity for unique photos with your pet.\r\n                <\/p>\r\n            <\/div>\r\n        <\/div>\r\n    <\/div>\r\n    <div class=\"card\">\r\n        <div class=\"card-header\" id=\"heading12\">\r\n            <h3 class=\"mb-0\">\r\n                <button class=\"btn-collapse  collapsed\" data-toggle=\"collapse\" data-target=\"#collapse12\" aria-expanded=\"false\" aria-controls=\"collapseThree\">\r\n                    &bull;&nbsp;Do you visit the Museum of Illusions Wroclaw with a guide?\r\n                <\/button>\r\n            <\/h3>\r\n        <\/div>\r\n        <div id=\"collapse12\" class=\"collapse\" aria-labelledby=\"heading12\" data-parent=\"#accordion\">\r\n            <div class=\"card-body\">\r\n                <p class=\"faq-text\">\r\n                    The tour takes place individually, but throughout the museum there are guides available who will be happy to talk about the exhibits and take interesting photos.\r\n                <\/p>\r\n            <\/div>\r\n        <\/div>\r\n    <\/div>\r\n    <div class=\"card\">\r\n        <div class=\"card-header\" id=\"heading13\">\r\n            <h3 class=\"mb-0\">\r\n                <button class=\"btn-collapse  collapsed\" data-toggle=\"collapse\" data-target=\"#collapse13\" aria-expanded=\"false\" aria-controls=\"collapseThree\">\r\n                    &bull;&nbsp;Are there discounts for the disabled at the Museum of Illusions in Wroclaw?\r\n                <\/button>\r\n            <\/h3>\r\n        <\/div>\r\n        <div id=\"collapse13\" class=\"collapse\" aria-labelledby=\"heading13\" data-parent=\"#accordion\">\r\n            <div class=\"card-body\">\r\n                <p class=\"faq-text\">\r\n                    Yes, both the disabled person and their guardian will receive a 50% discount on tickets. The discount is calculated only when buying tickets at the museum reception.\r\n                <\/p>\r\n            <\/div>\r\n        <\/div>\r\n    <\/div>\r\n    <div class=\"card\">\r\n        <div class=\"card-header\" id=\"heading14\">\r\n            <h3 class=\"mb-0\">\r\n                <button class=\"btn-collapse  collapsed\" data-toggle=\"collapse\" data-target=\"#collapse14\" aria-expanded=\"false\" aria-controls=\"collapseThree\">\r\n                    &bull;&nbsp;From what age can you visit the Museum of Illusions Wroclaw by yourself?\r\n                <\/button>\r\n            <\/h3>\r\n        <\/div>\r\n        <div id=\"collapse14\" class=\"collapse\" aria-labelledby=\"heading14\" data-parent=\"#accordion\">\r\n            <div class=\"card-body\">\r\n                <p class=\"faq-text\">\r\n                    Without the supervision of an adult, people who are over 14 years old can visit on their own. Children under 14 must be accompanied by a guardian at all times.                <\/p>\r\n            <\/div>\r\n        <\/div>\r\n    <\/div>\r\n<\/div>\r\n    <script type=\"application\/ld+json\">\r\n        {\r\n            \"@context\": \"https:\/\/schema.org\",\r\n            \"@type\": \"FAQPage\",\r\n            \"mainEntity\": [{\r\n                \"@type\": \"Question\",\r\n                \"name\": \"How to get to the Museum of Illusions Wroclaw?\",\r\n                \"acceptedAnswer\": {\r\n                    \"@type\": \"Answer\",\r\n                    \"text\": \"The museum is located on Starom\u0142y\u0144ska 4, on Sand Island, just off Ostr\u00f3w Tumski. The best way to reach the museum is by public transport - tram or bus. There are many stops around the museum.\"\r\n                }\r\n            },{\r\n                \"@type\": \"Question\",\r\n                \"name\": \"How long does it take to visit the Museum of Illusions in Wroclaw?\",\r\n                \"acceptedAnswer\": {\r\n                    \"@type\": \"Answer\",\r\n                    \"text\": \"On average, our guests spend from an hour to an hour and a half. It is worth noting that the tour is not limited in time.\"\r\n                }\r\n            },{\r\n                \"@type\": \"Question\",\r\n                \"name\": \"How much is a ticket to the Museum of Illusions in Wroclaw?\",\r\n                \"acceptedAnswer\": {\r\n                    \"@type\": \"Answer\",\r\n                    \"text\": \"Our current price list can be found at: https:\/\/muzeumiluzjiwr.pl\/en\/visit\/\"\r\n                }\r\n            },{\r\n                \"@type\": \"Question\",\r\n                \"name\": \"Who is the Museum of Illusions in Wroclaw for?\",\r\n                \"acceptedAnswer\": {\r\n                    \"@type\": \"Answer\",\r\n                    \"text\": \"We try to make a visit to the museum interesting for people of all ages. Among the dozens of exhibits from different fields, both children and adults will find something surprising.\"\r\n                }\r\n            },{\r\n                \"@type\": \"Question\",\r\n                \"name\": \"Is the Museum of Illusions Wroclaw interesting for children?\",\r\n                \"acceptedAnswer\": {\r\n                    \"@type\": \"Answer\",\r\n                    \"text\": \"Yes, the Museum of Illusions in Wroclaw is an educational and exciting place also for children. Interactive exhibits engaging to explore the world of illusion make it an unforgettable experience for children of all ages. Learning is intertwined with fun which additionally engages young minds.\"\r\n                }\r\n            },{\r\n                \"@type\": \"Question\",\r\n                \"name\": \"Does the Museum of Illusions in Wroclaw offer discounts with the Nasz Wroc\u0142aw\/large family card?\",\r\n                \"acceptedAnswer\": {\r\n                    \"@type\": \"Answer\",\r\n                    \"text\": \"The holder of the Nasz Wroc\u0142aw card can count on a 10% discount charged at the museum reception upon presenting the card with an active taxpayer status. The Large Family Card entitles a family with a maximum of 5 children to enter the museum with a family ticket.\"\r\n                }\r\n            },{\r\n                \"@type\": \"Question\",\r\n                \"name\": \"Do I have to book tickets to the Museum of Illusions in Wroclaw in advance?\",\r\n                \"acceptedAnswer\": {\r\n                    \"@type\": \"Answer\",\r\n                    \"text\": \"Reservations are only required for groups of more than 10 people. There is no need to book an individual tour.\"\r\n                }\r\n            },{\r\n                \"@type\": \"Question\",\r\n                \"name\": \"Is there parking near the Museum of Illusions in Wroclaw?\",\r\n                \"acceptedAnswer\": {\r\n                    \"@type\": \"Answer\",\r\n                    \"text\": \"As the museum is located on Sand Island, we do not have our own parking. The nearest city car parks are located in the vicinity of the Market Hall or pl. Bema. We recommend you to reach us by public transport.\"\r\n                }\r\n            },{\r\n                \"@type\": \"Question\",\r\n                \"name\": \"Is the Museum of Illusions Wroclaw open on Mondays?\",\r\n                \"acceptedAnswer\": {\r\n                    \"@type\": \"Answer\",\r\n                    \"text\": \"Yes, we are open on Mondays! The museum is open every day: Monday to Friday 10:00 - 19:00, and weekends 10:00 - 20:00\"\r\n                }\r\n            },{\r\n                \"@type\": \"Question\",\r\n                \"name\": \"Is it possible to move around the Museum of Illusions in Wroclaw in a wheelchair or with a stroller?\",\r\n                \"acceptedAnswer\": {\r\n                    \"@type\": \"Answer\",\r\n                    \"text\": \"Our exhibition takes up 400m2, which is located on the ground floor of the building. So you can move around the stroller\/wheelchair without any problem.\"\r\n                }\r\n            },{\r\n                \"@type\": \"Question\",\r\n                \"name\": \"Can I bring my dog to the Museum of Illusions in Wroclaw?\",\r\n                \"acceptedAnswer\": {\r\n                    \"@type\": \"Answer\",\r\n                    \"text\": \"Of course! Our museum is friendly to all four-legged companions. It is also a perfect opportunity for unique photos with your pet.\"\r\n                }\r\n            },{\r\n                \"@type\": \"Question\",\r\n                \"name\": \"Do you visit the Museum of Illusions Wroclaw with a guide?\",\r\n                \"acceptedAnswer\": {\r\n                    \"@type\": \"Answer\",\r\n                    \"text\": \"The tour takes place individually, but throughout the museum there are guides available who will be happy to talk about the exhibits and take interesting photos.\"\r\n                }\r\n            },{\r\n                \"@type\": \"Question\",\r\n                \"name\": \"Are there discounts for the disabled at the Museum of Illusions in Wroclaw?\",\r\n                \"acceptedAnswer\": {\r\n                    \"@type\": \"Answer\",\r\n                    \"text\": \"Yes, both the disabled person and their guardian will receive a 50% discount on tickets. The discount is calculated only when buying tickets at the museum reception.\"\r\n                }\r\n            },{\r\n                \"@type\": \"Question\",\r\n                \"name\": \"From what age can you visit the Museum of Illusions Wroclaw by yourself?\",\r\n                \"acceptedAnswer\": {\r\n                    \"@type\": \"Answer\",\r\n                    \"text\": \"Without the supervision of an adult, people who are over 14 years old can visit on their own. Children under 14 must be accompanied by a guardian at all times\"\r\n                }\r\n            }]\r\n        }\r\n    <\/script>\r\n\r\n<script>\r\n    jQuery('.btn-collapse').on('click', function () {\r\n        var target = jQuery(this).data('target')\r\n        jQuery('.collapse').removeClass('show')\r\n        jQuery(target).addClass('show')\r\n    })\r\n\r\n    jQuery('.btn-collapse').hover( function () {\r\n        jQuery(this).css('font-weight','900').css('font-size','22px')\r\n    },\r\n    function () {\r\n        jQuery(this).css('font-weight','400').css('font-size','21px')\r\n    })\r\n<\/script>","protected":false},"excerpt":{"rendered":"","protected":false},"author":4,"featured_media":0,"parent":0,"menu_order":0,"comment_status":"closed","ping_status":"closed","template":"","meta":{"_acf_changed":false,"iawp_total_views":741,"footnotes":""},"class_list":["post-80266","page","type-page","status-publish","hentry"],"acf":[],"yoast_head":"<!-- This site is optimized with the Yoast SEO plugin v23.5 - https:\/\/yoast.com\/wordpress\/plugins\/seo\/ -->\n<title>FAQ - Museum of illusions Wroclaw<\/title>\n<meta name=\"robots\" content=\"index, follow, max-snippet:-1, max-image-preview:large, max-video-preview:-1\" \/>\n<link rel=\"canonical\" href=\"https:\/\/muzeumiluzjiwr.pl\/faq\/\" \/>\n<meta property=\"og:locale\" content=\"en_US\" \/>\n<meta property=\"og:type\" content=\"article\" \/>\n<meta property=\"og:title\" content=\"FAQ - Museum of illusions Wroclaw\" \/>\n<meta property=\"og:url\" content=\"https:\/\/muzeumiluzjiwr.pl\/faq\/\" \/>\n<meta property=\"og:site_name\" content=\"Museum of illusions Wroclaw\" \/>\n<meta property=\"article:modified_time\" content=\"2024-03-07T10:07:15+00:00\" \/>\n<meta property=\"og:image\" content=\"https:\/\/muzeumiluzjiwr.pl\/uploads\/2021\/09\/gift_tickets_Wroclaw.jpg\" \/>\n\t<meta property=\"og:image:width\" content=\"1200\" \/>\n\t<meta property=\"og:image:height\" content=\"1200\" \/>\n\t<meta property=\"og:image:type\" content=\"image\/jpeg\" \/>\n<meta name=\"twitter:card\" content=\"summary_large_image\" \/>\n<script type=\"application\/ld+json\" class=\"yoast-schema-graph\">{\"@context\":\"https:\/\/schema.org\",\"@graph\":[{\"@type\":\"WebPage\",\"@id\":\"https:\/\/muzeumiluzjiwr.pl\/faq\/\",\"url\":\"https:\/\/muzeumiluzjiwr.pl\/faq\/\",\"name\":\"FAQ - Museum of illusions Wroclaw\",\"isPartOf\":{\"@id\":\"https:\/\/muzeumiluzjiwr.pl\/#website\"},\"datePublished\":\"2024-03-07T10:07:13+00:00\",\"dateModified\":\"2024-03-07T10:07:15+00:00\",\"breadcrumb\":{\"@id\":\"https:\/\/muzeumiluzjiwr.pl\/faq\/#breadcrumb\"},\"inLanguage\":\"en-US\",\"potentialAction\":[{\"@type\":\"ReadAction\",\"target\":[\"https:\/\/muzeumiluzjiwr.pl\/faq\/\"]}]},{\"@type\":\"BreadcrumbList\",\"@id\":\"https:\/\/muzeumiluzjiwr.pl\/faq\/#breadcrumb\",\"itemListElement\":[{\"@type\":\"ListItem\",\"position\":1,\"name\":\"Home\",\"item\":\"https:\/\/muzeumiluzjiwr.pl\/en\/\"},{\"@type\":\"ListItem\",\"position\":2,\"name\":\"FAQ\"}]},{\"@type\":\"WebSite\",\"@id\":\"https:\/\/muzeumiluzjiwr.pl\/#website\",\"url\":\"https:\/\/muzeumiluzjiwr.pl\/\",\"name\":\"Museum of illusions Wroclaw\",\"description\":\"It\u2019s fascinating, it\u2019s fun, it\u2019s sure to be surprising. Welcome to a magical place on the Sand Island full of captivating illusions, wonderful atmosphere and helpful staff.\",\"potentialAction\":[{\"@type\":\"SearchAction\",\"target\":{\"@type\":\"EntryPoint\",\"urlTemplate\":\"https:\/\/muzeumiluzjiwr.pl\/?s={search_term_string}\"},\"query-input\":{\"@type\":\"PropertyValueSpecification\",\"valueRequired\":true,\"valueName\":\"search_term_string\"}}],\"inLanguage\":\"en-US\"}]}<\/script>\n<!-- \/ Yoast SEO plugin. -->","yoast_head_json":{"title":"FAQ - Museum of illusions Wroclaw","robots":{"index":"index","follow":"follow","max-snippet":"max-snippet:-1","max-image-preview":"max-image-preview:large","max-video-preview":"max-video-preview:-1"},"canonical":"https:\/\/muzeumiluzjiwr.pl\/faq\/","og_locale":"en_US","og_type":"article","og_title":"FAQ - Museum of illusions Wroclaw","og_url":"https:\/\/muzeumiluzjiwr.pl\/faq\/","og_site_name":"Museum of illusions Wroclaw","article_modified_time":"2024-03-07T10:07:15+00:00","og_image":[{"width":1200,"height":1200,"url":"https:\/\/muzeumiluzjiwr.pl\/uploads\/2021\/09\/gift_tickets_Wroclaw.jpg","type":"image\/jpeg"}],"twitter_card":"summary_large_image","schema":{"@context":"https:\/\/schema.org","@graph":[{"@type":"WebPage","@id":"https:\/\/muzeumiluzjiwr.pl\/faq\/","url":"https:\/\/muzeumiluzjiwr.pl\/faq\/","name":"FAQ - Museum of illusions Wroclaw","isPartOf":{"@id":"https:\/\/muzeumiluzjiwr.pl\/#website"},"datePublished":"2024-03-07T10:07:13+00:00","dateModified":"2024-03-07T10:07:15+00:00","breadcrumb":{"@id":"https:\/\/muzeumiluzjiwr.pl\/faq\/#breadcrumb"},"inLanguage":"en-US","potentialAction":[{"@type":"ReadAction","target":["https:\/\/muzeumiluzjiwr.pl\/faq\/"]}]},{"@type":"BreadcrumbList","@id":"https:\/\/muzeumiluzjiwr.pl\/faq\/#breadcrumb","itemListElement":[{"@type":"ListItem","position":1,"name":"Home","item":"https:\/\/muzeumiluzjiwr.pl\/en\/"},{"@type":"ListItem","position":2,"name":"FAQ"}]},{"@type":"WebSite","@id":"https:\/\/muzeumiluzjiwr.pl\/#website","url":"https:\/\/muzeumiluzjiwr.pl\/","name":"Museum of illusions Wroclaw","description":"It\u2019s fascinating, it\u2019s fun, it\u2019s sure to be surprising. Welcome to a magical place on the Sand Island full of captivating illusions, wonderful atmosphere and helpful staff.","potentialAction":[{"@type":"SearchAction","target":{"@type":"EntryPoint","urlTemplate":"https:\/\/muzeumiluzjiwr.pl\/?s={search_term_string}"},"query-input":{"@type":"PropertyValueSpecification","valueRequired":true,"valueName":"search_term_string"}}],"inLanguage":"en-US"}]}},"_links":{"self":[{"href":"https:\/\/muzeumiluzjiwr.pl\/en\/wp-json\/wp\/v2\/pages\/80266"}],"collection":[{"href":"https:\/\/muzeumiluzjiwr.pl\/en\/wp-json\/wp\/v2\/pages"}],"about":[{"href":"https:\/\/muzeumiluzjiwr.pl\/en\/wp-json\/wp\/v2\/types\/page"}],"author":[{"embeddable":true,"href":"https:\/\/muzeumiluzjiwr.pl\/en\/wp-json\/wp\/v2\/users\/4"}],"replies":[{"embeddable":true,"href":"https:\/\/muzeumiluzjiwr.pl\/en\/wp-json\/wp\/v2\/comments?post=80266"}],"version-history":[{"count":1,"href":"https:\/\/muzeumiluzjiwr.pl\/en\/wp-json\/wp\/v2\/pages\/80266\/revisions"}],"predecessor-version":[{"id":80267,"href":"https:\/\/muzeumiluzjiwr.pl\/en\/wp-json\/wp\/v2\/pages\/80266\/revisions\/80267"}],"wp:attachment":[{"href":"https:\/\/muzeumiluzjiwr.pl\/en\/wp-json\/wp\/v2\/media?parent=80266"}],"curies":[{"name":"wp","href":"https:\/\/api.w.org\/{rel}","templated":true}]}}